{"id":31,"date":"2026-05-02T20:12:01","date_gmt":"2026-05-02T18:12:01","guid":{"rendered":"https:\/\/nujnoposojilo.com\/a-propos\/"},"modified":"2026-05-02T20:12:02","modified_gmt":"2026-05-02T18:12:02","slug":"a-propos","status":"publish","type":"page","link":"https:\/\/nujnoposojilo.com\/en\/a-propos\/","title":{"rendered":"O nas"},"content":{"rendered":"<div class=\"wp-block-group alignfull is-style-ext-preset--group--natural-1--section has-background-background-color has-background has-global-padding is-layout-constrained wp-container-core-group-is-layout-6714b1d7 wp-block-group-is-layout-constrained is-style-ext-preset--group--natural-1--section--1\" id=\"a-propos\" style=\"margin-top:0;margin-bottom:0;padding-top:var(--wp--preset--spacing--70);padding-bottom:var(--wp--preset--spacing--70)\">\n<h2 class=\"wp-block-heading has-text-align-center ext-animate--on\">Enostavno dostopajte do varnih in hitrih posojil<\/h2>\n\n\n\n<p class=\"has-text-align-center ext-animate--on\" style=\"margin-top:1.5rem\">Nujno Posojilo se zavezuje k zagotavljanju hitrih, varnih posojil brez bank, z ugodnimi obrestnimi merami in poenostavljenim postopkom odobritve, da zadovolji vse va\u0161e finan\u010dne potrebe. E-po\u0161ta: <strong><em>info@nujnoposojilo.com<\/em><\/strong><\/p>\n\n\n\n<div class=\"wp-block-columns alignwide is-layout-flex wp-container-core-columns-is-layout-28f84493 wp-block-columns-is-layout-flex\">\n<div class=\"wp-block-column ext-animate--on is-layout-flow wp-block-column-is-layout-flow\">\n<figure class=\"wp-block-image is-style-ext-preset-image-natural-1-image-1--content-bottom is-style-ext-preset--image--natural-1--image-1--content-bottom is-style-ext-preset--image--natural-1--image-1--content-bottom--2\"><img loading=\"lazy\" decoding=\"async\" width=\"1440\" height=\"1081\" src=\"https:\/\/nujnoposojilo.com\/wp-content\/uploads\/2026\/04\/e69137c0fbd335e574f805ff2e53aae5f2169740.jpg\" alt=\"\" class=\"wp-image-62\" style=\"aspect-ratio:3\/4;object-fit:cover\" srcset=\"https:\/\/nujnoposojilo.com\/wp-content\/uploads\/2026\/04\/e69137c0fbd335e574f805ff2e53aae5f2169740.jpg 1440w, https:\/\/nujnoposojilo.com\/wp-content\/uploads\/2026\/04\/e69137c0fbd335e574f805ff2e53aae5f2169740-300x225.jpg 300w, https:\/\/nujnoposojilo.com\/wp-content\/uploads\/2026\/04\/e69137c0fbd335e574f805ff2e53aae5f2169740-1024x769.jpg 1024w, https:\/\/nujnoposojilo.com\/wp-content\/uploads\/2026\/04\/e69137c0fbd335e574f805ff2e53aae5f2169740-768x577.jpg 768w, https:\/\/nujnoposojilo.com\/wp-content\/uploads\/2026\/04\/e69137c0fbd335e574f805ff2e53aae5f2169740-16x12.jpg 16w\" sizes=\"auto, (max-width: 1440px) 100vw, 1440px\" \/><\/figure>\n<\/div>\n\n\n\n<div class=\"wp-block-column ext-animate--on is-layout-flow wp-block-column-is-layout-flow\">\n<figure class=\"wp-block-image is-style-ext-preset-image-natural-1-image-1--content-bottom is-style-ext-preset--image--natural-1--image-1--content-bottom is-style-ext-preset--image--natural-1--image-1--content-bottom--3\"><img loading=\"lazy\" decoding=\"async\" width=\"1440\" height=\"1216\" src=\"https:\/\/nujnoposojilo.com\/wp-content\/uploads\/2026\/04\/86218ca938a4c77b0d9fd63c4585ae6699642647.jpg\" alt=\"\" class=\"wp-image-63\" style=\"aspect-ratio:3\/4;object-fit:cover\" srcset=\"https:\/\/nujnoposojilo.com\/wp-content\/uploads\/2026\/04\/86218ca938a4c77b0d9fd63c4585ae6699642647.jpg 1440w, https:\/\/nujnoposojilo.com\/wp-content\/uploads\/2026\/04\/86218ca938a4c77b0d9fd63c4585ae6699642647-300x253.jpg 300w, https:\/\/nujnoposojilo.com\/wp-content\/uploads\/2026\/04\/86218ca938a4c77b0d9fd63c4585ae6699642647-1024x865.jpg 1024w, https:\/\/nujnoposojilo.com\/wp-content\/uploads\/2026\/04\/86218ca938a4c77b0d9fd63c4585ae6699642647-768x649.jpg 768w, https:\/\/nujnoposojilo.com\/wp-content\/uploads\/2026\/04\/86218ca938a4c77b0d9fd63c4585ae6699642647-14x12.jpg 14w\" sizes=\"auto, (max-width: 1440px) 100vw, 1440px\" \/><\/figure>\n<\/div>\n\n\n\n<div class=\"wp-block-column ext-animate--on is-layout-flow wp-block-column-is-layout-flow\">\n<figure class=\"wp-block-image is-style-ext-preset-image-natural-1-image-1--content-bottom is-style-ext-preset--image--natural-1--image-1--content-bottom is-style-ext-preset--image--natural-1--image-1--content-bottom--4\"><img loading=\"lazy\" decoding=\"async\" width=\"1440\" height=\"961\" src=\"https:\/\/nujnoposojilo.com\/wp-content\/uploads\/2026\/04\/c9e40aa06ffb86ca97267d616bfd388404b423d6.jpg\" alt=\"\" class=\"wp-image-64\" style=\"aspect-ratio:3\/4;object-fit:cover\" srcset=\"https:\/\/nujnoposojilo.com\/wp-content\/uploads\/2026\/04\/c9e40aa06ffb86ca97267d616bfd388404b423d6.jpg 1440w, https:\/\/nujnoposojilo.com\/wp-content\/uploads\/2026\/04\/c9e40aa06ffb86ca97267d616bfd388404b423d6-300x200.jpg 300w, https:\/\/nujnoposojilo.com\/wp-content\/uploads\/2026\/04\/c9e40aa06ffb86ca97267d616bfd388404b423d6-1024x683.jpg 1024w, https:\/\/nujnoposojilo.com\/wp-content\/uploads\/2026\/04\/c9e40aa06ffb86ca97267d616bfd388404b423d6-768x513.jpg 768w, https:\/\/nujnoposojilo.com\/wp-content\/uploads\/2026\/04\/c9e40aa06ffb86ca97267d616bfd388404b423d6-18x12.jpg 18w\" sizes=\"auto, (max-width: 1440px) 100vw, 1440px\" \/><\/figure>\n<\/div>\n<\/div>\n<\/div>\n\n\n\n<div class=\"wp-block-group alignfull is-style-ext-preset--group--natural-1--section has-tertiary-background-color has-background has-global-padding is-layout-constrained wp-container-core-group-is-layout-e955bbaf wp-block-group-is-layout-constrained is-style-ext-preset--group--natural-1--section--5\" style=\"margin-top:0;margin-bottom:0;padding-top:var(--wp--preset--spacing--70);padding-bottom:var(--wp--preset--spacing--70)\">\n<div class=\"wp-block-group alignwide ext-is-logical-start has-global-padding is-content-justification-left is-layout-constrained wp-container-core-group-is-layout-6729bdbe wp-block-group-is-layout-constrained\">\n<h2 class=\"wp-block-heading ext-animate--on\">Hitra in zanesljiva re\u0161itev za va\u0161e finan\u010dne potrebe<\/h2>\n\n\n\n<p class=\"ext-animate--on\">Odkrijte na\u0161e klju\u010dne \u0161tevilke, ki ponazarjajo na\u0161o zavezanost k preprosti in ugodni ponudbi posojil.<\/p>\n<\/div>\n\n\n\n<div class=\"wp-block-columns alignwide is-layout-flex wp-container-core-columns-is-layout-08c01c1c wp-block-columns-is-layout-flex\">\n<div class=\"wp-block-column is-vertically-aligned-stretch ext-animate--on is-layout-flow wp-container-core-column-is-layout-f5bb311e wp-block-column-is-layout-flow\">\n<div class=\"wp-block-group is-style-ext-preset--group--natural-1--item-card-1--align-start has-global-padding is-layout-constrained wp-block-group-is-layout-constrained is-style-ext-preset--group--natural-1--item-card-1--align-start--6\">\n<div class=\"wp-block-group is-style-default has-global-padding is-layout-constrained wp-block-group-is-layout-constrained\">\n<h3 class=\"wp-block-heading has-primary-color has-text-color has-link-color has-x-large-font-size wp-elements-b47a911fbc2f6784e0a5219d39f9ace0\">15018<\/h3>\n\n\n\n<h3 class=\"wp-block-heading\">Stopnja odobritve<\/h3>\n\n\n\n<p>Zagotavljamo visoko stopnjo odobritve za poenostavljene in hitre pro\u0161nje za posojilo.<\/p>\n<\/div>\n<\/div>\n<\/div>\n\n\n\n<div class=\"wp-block-column is-vertically-aligned-stretch ext-animate--on is-layout-flow wp-container-core-column-is-layout-f5bb311e wp-block-column-is-layout-flow\">\n<div class=\"wp-block-group is-style-ext-preset--group--natural-1--item-card-1--align-start has-global-padding is-layout-constrained wp-block-group-is-layout-constrained is-style-ext-preset--group--natural-1--item-card-1--align-start--7\">\n<div class=\"wp-block-group is-style-default has-global-padding is-layout-constrained wp-block-group-is-layout-constrained\">\n<h3 class=\"wp-block-heading has-primary-color has-text-color has-link-color has-x-large-font-size wp-elements-d3c3ab6bf9859953821899dd7eb635f2\">9512<\/h3>\n\n\n\n<h3 class=\"wp-block-heading\">Poenostavljen postopek<\/h3>\n\n\n\n<p>Na\u0161 postopek je osredoto\u010den na enostavnost in hitrost, brez nepotrebne dokumentacije.<\/p>\n<\/div>\n<\/div>\n<\/div>\n\n\n\n<div class=\"wp-block-column is-vertically-aligned-stretch ext-animate--on is-layout-flow wp-container-core-column-is-layout-f5bb311e wp-block-column-is-layout-flow\">\n<div class=\"wp-block-group is-style-ext-preset--group--natural-1--item-card-1--align-start has-global-padding is-layout-constrained wp-block-group-is-layout-constrained is-style-ext-preset--group--natural-1--item-card-1--align-start--8\">\n<div class=\"wp-block-group is-style-default has-global-padding is-layout-constrained wp-block-group-is-layout-constrained\">\n<h3 class=\"wp-block-heading has-primary-color has-text-color has-link-color has-x-large-font-size wp-elements-bdcf64ebd2c6f876f4bdb62a76eee781\">24<\/h3>\n\n\n\n<h3 class=\"wp-block-heading\">\u010cas odobritve<\/h3>\n\n\n\n<p>Odlo\u010ditve o posojilu so sporo\u010dene v manj kot 24 urah, kar zagotavlja hiter odgovor.<\/p>\n<\/div>\n<\/div>\n<\/div>\n<\/div>\n<\/div>\n\n\n\n<div class=\"wp-block-group alignfull is-style-ext-preset--group--natural-1--section has-background-background-color has-background has-global-padding is-layout-constrained wp-container-core-group-is-layout-e955bbaf wp-block-group-is-layout-constrained is-style-ext-preset--group--natural-1--section--9\" style=\"margin-top:0;margin-bottom:0;padding-top:var(--wp--preset--spacing--70);padding-bottom:var(--wp--preset--spacing--70)\">\n<h2 class=\"wp-block-heading has-text-align-center ext-animate--on\">Hitrost in varnost brez kompromisov<\/h2>\n\n\n\n<p class=\"has-text-align-center ext-animate--on\" style=\"margin-top:1.5rem\">Odkrijte na\u0161a varnostna jamstva, ugodne obrestne mere in poenostavljen postopek za zanesljivo in hitro posojilo.<\/p>\n\n\n\n<div class=\"wp-block-columns alignwide is-layout-flex wp-container-core-columns-is-layout-08c01c1c wp-block-columns-is-layout-flex\">\n<div class=\"wp-block-column is-vertically-aligned-stretch ext-animate--on is-layout-flow wp-container-core-column-is-layout-f5bb311e wp-block-column-is-layout-flow\">\n<div class=\"wp-block-group is-style-ext-preset--group--natural-1--item-card-1--align-center has-global-padding is-layout-constrained wp-block-group-is-layout-constrained is-style-ext-preset--group--natural-1--item-card-1--align-center--10\">\n<div class=\"wp-block-group is-style-default has-global-padding is-layout-constrained wp-block-group-is-layout-constrained\">\n<figure class=\"wp-block-image aligncenter size-large ext-aspect-landscape wp-duotone-primary-foreground\"><img decoding=\"async\" src=\"data:image\/svg+xml;base64,PHN2ZyB4bWxucz0iaHR0cDovL3d3dy53My5vcmcvMjAwMC9zdmciIHdpZHRoPSI0OCIgaGVpZ2h0PSI0OCIgZmlsbD0iIzAwMDAwMCIgdmlld0JveD0iMCAwIDI1NiAyNTYiPjxwYXRoIGQ9Ik0xNzIsNzZhNDQsNDQsMCwxLDAtNDQsNDRBNDQuMDUsNDQuMDUsMCwwLDAsMTcyLDc2Wm0tNDQsMjhhMjgsMjgsMCwxLDEsMjgtMjhBMjgsMjgsMCwwLDEsMTI4LDEwNFptNjAsMjRhNDQsNDQsMCwxLDAsNDQsNDRBNDQuMDUsNDQuMDUsMCwwLDAsMTg4LDEyOFptMCw3MmEyOCwyOCwwLDEsMSwyOC0yOEEyOCwyOCwwLDAsMSwxODgsMjAwWk02OCwxMjhhNDQsNDQsMCwxLDAsNDQsNDRBNDQuMDUsNDQuMDUsMCwwLDAsNjgsMTI4Wm0wLDcyYTI4LDI4LDAsMSwxLDI4LTI4QTI4LDI4LDAsMCwxLDY4LDIwMFoiPjwvcGF0aD48L3N2Zz4=\" alt=\"\" style=\"object-fit:cover\"\/><\/figure>\n\n\n\n<h3 class=\"wp-block-heading has-text-align-center\">Konkuren\u010dne obrestne mere<\/h3>\n\n\n\n<p class=\"has-text-align-center\">Na\u0161e ugodne obrestne mere omogo\u010dajo vsakomur enostaven dostop do financiranja, prilagojenega njegovim potrebam.<\/p>\n<\/div>\n<\/div>\n<\/div>\n\n\n\n<div class=\"wp-block-column is-vertically-aligned-stretch ext-animate--on is-layout-flow wp-container-core-column-is-layout-f5bb311e wp-block-column-is-layout-flow\">\n<div class=\"wp-block-group is-style-ext-preset--group--natural-1--item-card-1--align-center has-global-padding is-layout-constrained wp-block-group-is-layout-constrained is-style-ext-preset--group--natural-1--item-card-1--align-center--11\">\n<div class=\"wp-block-group is-style-default has-global-padding is-layout-constrained wp-block-group-is-layout-constrained\">\n<figure class=\"wp-block-image aligncenter size-large ext-aspect-landscape wp-duotone-primary-foreground\"><img decoding=\"async\" src=\"data:image\/svg+xml;base64,PHN2ZyB4bWxucz0iaHR0cDovL3d3dy53My5vcmcvMjAwMC9zdmciIHdpZHRoPSI0OCIgaGVpZ2h0PSI0OCIgZmlsbD0iIzAwMDAwMCIgdmlld0JveD0iMCAwIDI1NiAyNTYiPjxwYXRoIGQ9Ik04MCw0MGE0MCw0MCwwLDEsMCw0MCw0MEE0MCw0MCwwLDAsMCw4MCw0MFptMCw2NGEyNCwyNCwwLDEsMSwyNC0yNEEyNCwyNCwwLDAsMSw4MCwxMDRabTk2LDE2YTQwLDQwLDAsMSwwLTQwLTQwQTQwLDQwLDAsMCwwLDE3NiwxMjBabTAtNjRhMjQsMjQsMCwxLDEtMjQsMjRBMjQsMjQsMCwwLDEsMTc2LDU2Wk04MCwxMzZhNDAsNDAsMCwxLDAsNDAsNDBBNDAsNDAsMCwwLDAsODAsMTM2Wm0wLDY0YTI0LDI0LDAsMSwxLDI0LTI0QTI0LDI0LDAsMCwxLDgwLDIwMFptOTYtNjRhNDAsNDAsMCwxLDAsNDAsNDBBNDAsNDAsMCwwLDAsMTc2LDEzNlptMCw2NGEyNCwyNCwwLDEsMSwyNC0yNEEyNCwyNCwwLDAsMSwxNzYsMjAwWiI+PC9wYXRoPjwvc3ZnPg==\" alt=\"\" style=\"object-fit:cover\"\/><\/figure>\n\n\n\n<h3 class=\"wp-block-heading has-text-align-center\">Poenostavljen postopek prijave<\/h3>\n\n\n\n<p class=\"has-text-align-center\">Jasen in hiter postopek, zasnovan tako, da vam prihrani \u010das brez nepotrebne zapletenosti.<\/p>\n<\/div>\n<\/div>\n<\/div>\n\n\n\n<div class=\"wp-block-column is-vertically-aligned-stretch ext-animate--on is-layout-flow wp-container-core-column-is-layout-f5bb311e wp-block-column-is-layout-flow\">\n<div class=\"wp-block-group is-style-ext-preset--group--natural-1--item-card-1--align-center has-global-padding is-layout-constrained wp-block-group-is-layout-constrained is-style-ext-preset--group--natural-1--item-card-1--align-center--12\">\n<div class=\"wp-block-group is-style-default has-global-padding is-layout-constrained wp-block-group-is-layout-constrained\">\n<figure class=\"wp-block-image aligncenter size-large ext-aspect-landscape wp-duotone-primary-foreground\"><img decoding=\"async\" src=\"data:image\/svg+xml;base64,PHN2ZyB4bWxucz0iaHR0cDovL3d3dy53My5vcmcvMjAwMC9zdmciIHdpZHRoPSI0OCIgaGVpZ2h0PSI0OCIgZmlsbD0iIzAwMDAwMCIgdmlld0JveD0iMCAwIDI1NiAyNTYiPjxwYXRoIGQ9Ik04MCw0MGE0MCw0MCwwLDEsMCw0MCw0MEE0MCw0MCwwLDAsMCw4MCw0MFptMCw2NGEyNCwyNCwwLDEsMSwyNC0yNEEyNCwyNCwwLDAsMSw4MCwxMDRabTk2LDE2YTQwLDQwLDAsMSwwLTQwLTQwQTQwLDQwLDAsMCwwLDE3NiwxMjBabTAtNjRhMjQsMjQsMCwxLDEtMjQsMjRBMjQsMjQsMCwwLDEsMTc2LDU2Wk04MCwxMzZhNDAsNDAsMCwxLDAsNDAsNDBBNDAsNDAsMCwwLDAsODAsMTM2Wm0wLDY0YTI0LDI0LDAsMSwxLDI0LTI0QTI0LDI0LDAsMCwxLDgwLDIwMFptMTM2LTI0YTgsOCwwLDAsMS04LDhIMTg0djI0YTgsOCwwLDAsMS0xNiwwVjE4NEgxNDRhOCw4LDAsMCwxLDAtMTZoMjRWMTQ0YTgsOCwwLDAsMSwxNiwwdjI0aDI0QTgsOCwwLDAsMSwyMTYsMTc2WiI+PC9wYXRoPjwvc3ZnPg==\" alt=\"\" style=\"object-fit:cover\"\/><\/figure>\n\n\n\n<h3 class=\"wp-block-heading has-text-align-center\">Hitro spletno odobravanje<\/h3>\n\n\n\n<p class=\"has-text-align-center\">Prejmite hiter odgovor zahvaljujo\u010d na\u0161emu avtomatiziranemu sistemu, da lahko financirate svoje projekte brez \u010dakanja.<\/p>\n<\/div>\n<\/div>\n<\/div>\n<\/div>\n<\/div>","protected":false},"excerpt":{"rendered":"<p>Enostavno dostopajte do varnih in hitrih posojil Nujno Posojilo se zavezuje k zagotavljanju hitrih, varnih posojil brez bank, z ugodnimi obrestnimi merami in poenostavljenim postopkom odobritve, da zadovolji vse va\u0161e finan\u010dne potrebe. E-po\u0161ta: info@nujnoposojilo.com Hitra in zanesljiva re\u0161itev za va\u0161e finan\u010dne potrebe Odkrijte na\u0161e klju\u010dne \u0161tevilke, ki ponazarjajo na\u0161o zavezanost k preprosti in ugodni ponudbi [&hellip;]<\/p>\n","protected":false},"author":1,"featured_media":0,"parent":0,"menu_order":0,"comment_status":"closed","ping_status":"closed","template":"page-with-title","meta":{"footnotes":""},"class_list":["post-31","page","type-page","status-publish","hentry"],"_links":{"self":[{"href":"https:\/\/nujnoposojilo.com\/en\/wp-json\/wp\/v2\/pages\/31","targetHints":{"allow":["GET"]}}],"collection":[{"href":"https:\/\/nujnoposojilo.com\/en\/wp-json\/wp\/v2\/pages"}],"about":[{"href":"https:\/\/nujnoposojilo.com\/en\/wp-json\/wp\/v2\/types\/page"}],"author":[{"embeddable":true,"href":"https:\/\/nujnoposojilo.com\/en\/wp-json\/wp\/v2\/users\/1"}],"replies":[{"embeddable":true,"href":"https:\/\/nujnoposojilo.com\/en\/wp-json\/wp\/v2\/comments?post=31"}],"version-history":[{"count":27,"href":"https:\/\/nujnoposojilo.com\/en\/wp-json\/wp\/v2\/pages\/31\/revisions"}],"predecessor-version":[{"id":157,"href":"https:\/\/nujnoposojilo.com\/en\/wp-json\/wp\/v2\/pages\/31\/revisions\/157"}],"wp:attachment":[{"href":"https:\/\/nujnoposojilo.com\/en\/wp-json\/wp\/v2\/media?parent=31"}],"curies":[{"name":"wp","href":"https:\/\/api.w.org\/{rel}","templated":true}]}}