{"id":33,"date":"2026-04-06T04:59:35","date_gmt":"2026-04-06T04:59:35","guid":{"rendered":"https:\/\/nujnoposojilo.com\/faq\/"},"modified":"2026-04-06T05:00:19","modified_gmt":"2026-04-06T05:00:19","slug":"faq","status":"publish","type":"page","link":"https:\/\/nujnoposojilo.com\/en\/faq\/","title":{"rendered":"FAQ"},"content":{"rendered":"<div class=\"wp-block-group alignfull is-style-ext-preset--group--natural-1--section has-background-background-color has-background has-global-padding is-layout-constrained wp-container-core-group-is-layout-e955bbaf wp-block-group-is-layout-constrained is-style-ext-preset--group--natural-1--section--1\" id=\"faq\" style=\"margin-top:0;margin-bottom:0;padding-top:var(--wp--preset--spacing--70);padding-bottom:var(--wp--preset--spacing--70)\">\n<div class=\"wp-block-group alignwide ext-is-logical-start has-global-padding is-content-justification-left is-layout-constrained wp-container-core-group-is-layout-20186816 wp-block-group-is-layout-constrained\">\n<h2 class=\"wp-block-heading ext-animate--on\">Obtenez un pr\u00eat rapide et s\u00e9curis\u00e9 sans banque<\/h2>\n\n\n\n<p class=\"ext-animate--on\">Trouvez ici des r\u00e9ponses claires \u00e0 vos questions pour vous guider facilement dans votre demande de pr\u00eat.<\/p>\n<\/div>\n\n\n\n<div class=\"wp-block-columns alignwide is-layout-flex wp-container-core-columns-is-layout-08c01c1c wp-block-columns-is-layout-flex\">\n<div class=\"wp-block-column ext-animate--on is-layout-flow wp-container-core-column-is-layout-119bc444 wp-block-column-is-layout-flow\">\n<div class=\"wp-block-group is-style-ext-preset--group--natural-1--item-card-1--align-start has-global-padding is-layout-constrained wp-block-group-is-layout-constrained is-style-ext-preset--group--natural-1--item-card-1--align-start--2\">\n<div class=\"wp-block-group is-style-default has-global-padding is-layout-constrained wp-block-group-is-layout-constrained\">\n<h3 class=\"wp-block-heading\">Comment puis-je faire une demande de pr\u00eat ?<\/h3>\n\n\n\n<p>Remplissez notre formulaire en ligne simple et recevez une r\u00e9ponse rapide.<\/p>\n<\/div>\n<\/div>\n<\/div>\n\n\n\n<div class=\"wp-block-column ext-animate--on is-layout-flow wp-container-core-column-is-layout-119bc444 wp-block-column-is-layout-flow\">\n<div class=\"wp-block-group is-style-ext-preset--group--natural-1--item-card-1--align-start has-global-padding is-layout-constrained wp-block-group-is-layout-constrained is-style-ext-preset--group--natural-1--item-card-1--align-start--3\">\n<div class=\"wp-block-group is-style-default has-global-padding is-layout-constrained wp-block-group-is-layout-constrained\">\n<h3 class=\"wp-block-heading\">Quels sont les taux d&#8217;int\u00e9r\u00eat propos\u00e9s ?<\/h3>\n\n\n\n<p>Nous offrons des taux comp\u00e9titifs adapt\u00e9s \u00e0 votre profil et besoins.<\/p>\n<\/div>\n<\/div>\n<\/div>\n<\/div>\n\n\n\n<div class=\"wp-block-columns alignwide is-layout-flex wp-container-core-columns-is-layout-967d05ff wp-block-columns-is-layout-flex\" style=\"margin-top:var(--wp--preset--spacing--40)\">\n<div class=\"wp-block-column ext-animate--on is-layout-flow wp-container-core-column-is-layout-119bc444 wp-block-column-is-layout-flow\">\n<div class=\"wp-block-group is-style-ext-preset--group--natural-1--item-card-1--align-start has-global-padding is-layout-constrained wp-block-group-is-layout-constrained is-style-ext-preset--group--natural-1--item-card-1--align-start--4\">\n<div class=\"wp-block-group is-style-default has-global-padding is-layout-constrained wp-block-group-is-layout-constrained\">\n<h3 class=\"wp-block-heading\">Quels documents sont n\u00e9cessaires pour la demande ?<\/h3>\n\n\n\n<p>Une pi\u00e8ce d&#8217;identit\u00e9, un justificatif de revenu et un relev\u00e9 bancaire suffisent.<\/p>\n<\/div>\n<\/div>\n<\/div>\n\n\n\n<div class=\"wp-block-column ext-animate--on is-layout-flow wp-container-core-column-is-layout-119bc444 wp-block-column-is-layout-flow\">\n<div class=\"wp-block-group is-style-ext-preset--group--natural-1--item-card-1--align-start has-global-padding is-layout-constrained wp-block-group-is-layout-constrained is-style-ext-preset--group--natural-1--item-card-1--align-start--5\">\n<div class=\"wp-block-group is-style-default has-global-padding is-layout-constrained wp-block-group-is-layout-constrained\">\n<h3 class=\"wp-block-heading\">Quelle est la dur\u00e9e d&#8217;approbation du pr\u00eat ?<\/h3>\n\n\n\n<p>Votre demande est g\u00e9n\u00e9ralement approuv\u00e9e en moins de 24 heures.<\/p>\n<\/div>\n<\/div>\n<\/div>\n<\/div>\n\n\n\n<div class=\"wp-block-columns alignwide is-layout-flex wp-container-core-columns-is-layout-967d05ff wp-block-columns-is-layout-flex\" style=\"margin-top:var(--wp--preset--spacing--40)\">\n<div class=\"wp-block-column ext-animate--on is-layout-flow wp-container-core-column-is-layout-119bc444 wp-block-column-is-layout-flow\">\n<div class=\"wp-block-group is-style-ext-preset--group--natural-1--item-card-1--align-start has-global-padding is-layout-constrained wp-block-group-is-layout-constrained is-style-ext-preset--group--natural-1--item-card-1--align-start--6\">\n<div class=\"wp-block-group is-style-default has-global-padding is-layout-constrained wp-block-group-is-layout-constrained\">\n<h3 class=\"wp-block-heading\">Puis-je utiliser le pr\u00eat pour n&#8217;importe quel projet ?<\/h3>\n\n\n\n<p>Oui, nos pr\u00eats s&#8217;adaptent \u00e0 divers besoins personnels ou professionnels.<\/p>\n<\/div>\n<\/div>\n<\/div>\n\n\n\n<div class=\"wp-block-column ext-animate--on is-layout-flow wp-container-core-column-is-layout-119bc444 wp-block-column-is-layout-flow\">\n<div class=\"wp-block-group is-style-ext-preset--group--natural-1--item-card-1--align-start has-global-padding is-layout-constrained wp-block-group-is-layout-constrained is-style-ext-preset--group--natural-1--item-card-1--align-start--7\">\n<div class=\"wp-block-group is-style-default has-global-padding is-layout-constrained wp-block-group-is-layout-constrained\">\n<h3 class=\"wp-block-heading\">Y a-t-il des frais cach\u00e9s dans le processus ?<\/h3>\n\n\n\n<p>Non, toutes nos conditions sont transparentes et sans frais cach\u00e9s.<\/p>\n<\/div>\n<\/div>\n<\/div>\n<\/div>\n<\/div>\n\n<div class=\"wp-block-group alignfull is-style-ext-preset--group--natural-1--section has-tertiary-background-color has-background has-global-padding is-layout-constrained wp-container-core-group-is-layout-e955bbaf wp-block-group-is-layout-constrained is-style-ext-preset--group--natural-1--section--8\" style=\"margin-top:0;margin-bottom:0;padding-top:var(--wp--preset--spacing--70);padding-bottom:var(--wp--preset--spacing--70)\">\n<h2 class=\"wp-block-heading has-text-align-center ext-animate--on\">Rapidit\u00e9 et s\u00e9curit\u00e9, notre engagement envers vous<\/h2>\n\n\n\n<p class=\"has-text-align-center ext-animate--on\" style=\"margin-top:1.5rem\">D\u00e9couvrez nos garanties : taux avantageux, processus simple et approbation rapide pour vos besoins financiers.<\/p>\n\n\n\n<div class=\"wp-block-columns alignwide is-layout-flex wp-container-core-columns-is-layout-08c01c1c wp-block-columns-is-layout-flex\">\n<div class=\"wp-block-column is-vertically-aligned-stretch ext-animate--on is-layout-flow wp-container-core-column-is-layout-f5bb311e wp-block-column-is-layout-flow\">\n<div class=\"wp-block-group is-style-ext-preset--group--natural-1--item-card-1--align-center has-global-padding is-layout-constrained wp-block-group-is-layout-constrained is-style-ext-preset--group--natural-1--item-card-1--align-center--9\">\n<div class=\"wp-block-group is-style-default has-global-padding is-layout-constrained wp-block-group-is-layout-constrained\">\n<figure class=\"wp-block-image aligncenter size-large ext-aspect-landscape wp-duotone-primary-foreground\"><img decoding=\"async\" src=\"data:image\/svg+xml;base64,PHN2ZyB4bWxucz0iaHR0cDovL3d3dy53My5vcmcvMjAwMC9zdmciIHdpZHRoPSI0OCIgaGVpZ2h0PSI0OCIgZmlsbD0iIzAwMDAwMCIgdmlld0JveD0iMCAwIDI1NiAyNTYiPjxwYXRoIGQ9Ik0xNzIsNzZhNDQsNDQsMCwxLDAtNDQsNDRBNDQuMDUsNDQuMDUsMCwwLDAsMTcyLDc2Wm0tNDQsMjhhMjgsMjgsMCwxLDEsMjgtMjhBMjgsMjgsMCwwLDEsMTI4LDEwNFptNjAsMjRhNDQsNDQsMCwxLDAsNDQsNDRBNDQuMDUsNDQuMDUsMCwwLDAsMTg4LDEyOFptMCw3MmEyOCwyOCwwLDEsMSwyOC0yOEEyOCwyOCwwLDAsMSwxODgsMjAwWk02OCwxMjhhNDQsNDQsMCwxLDAsNDQsNDRBNDQuMDUsNDQuMDUsMCwwLDAsNjgsMTI4Wm0wLDcyYTI4LDI4LDAsMSwxLDI4LTI4QTI4LDI4LDAsMCwxLDY4LDIwMFoiPjwvcGF0aD48L3N2Zz4=\" alt=\"\" style=\"object-fit:cover\"\/><\/figure>\n\n\n\n<h3 class=\"wp-block-heading has-text-align-center\">Taux d&#8217;int\u00e9r\u00eat comp\u00e9titifs<\/h3>\n\n\n\n<p class=\"has-text-align-center\">Nous proposons des taux transparents et avantageux pour vous aider \u00e0 g\u00e9rer vos finances sereinement.<\/p>\n<\/div>\n<\/div>\n<\/div>\n\n\n\n<div class=\"wp-block-column is-vertically-aligned-stretch ext-animate--on is-layout-flow wp-container-core-column-is-layout-f5bb311e wp-block-column-is-layout-flow\">\n<div class=\"wp-block-group is-style-ext-preset--group--natural-1--item-card-1--align-center has-global-padding is-layout-constrained wp-block-group-is-layout-constrained is-style-ext-preset--group--natural-1--item-card-1--align-center--10\">\n<div class=\"wp-block-group is-style-default has-global-padding is-layout-constrained wp-block-group-is-layout-constrained\">\n<figure class=\"wp-block-image aligncenter size-large ext-aspect-landscape wp-duotone-primary-foreground\"><img decoding=\"async\" src=\"data:image\/svg+xml;base64,PHN2ZyB4bWxucz0iaHR0cDovL3d3dy53My5vcmcvMjAwMC9zdmciIHdpZHRoPSI0OCIgaGVpZ2h0PSI0OCIgZmlsbD0iIzAwMDAwMCIgdmlld0JveD0iMCAwIDI1NiAyNTYiPjxwYXRoIGQ9Ik04MCw0MGE0MCw0MCwwLDEsMCw0MCw0MEE0MCw0MCwwLDAsMCw4MCw0MFptMCw2NGEyNCwyNCwwLDEsMSwyNC0yNEEyNCwyNCwwLDAsMSw4MCwxMDRabTk2LDE2YTQwLDQwLDAsMSwwLTQwLTQwQTQwLDQwLDAsMCwwLDE3NiwxMjBabTAtNjRhMjQsMjQsMCwxLDEtMjQsMjRBMjQsMjQsMCwwLDEsMTc2LDU2Wk04MCwxMzZhNDAsNDAsMCwxLDAsNDAsNDBBNDAsNDAsMCwwLDAsODAsMTM2Wm0wLDY0YTI0LDI0LDAsMSwxLDI0LTI0QTI0LDI0LDAsMCwxLDgwLDIwMFptOTYtNjRhNDAsNDAsMCwxLDAsNDAsNDBBNDAsNDAsMCwwLDAsMTc2LDEzNlptMCw2NGEyNCwyNCwwLDEsMSwyNC0yNEEyNCwyNCwwLDAsMSwxNzYsMjAwWiI+PC9wYXRoPjwvc3ZnPg==\" alt=\"\" style=\"object-fit:cover\"\/><\/figure>\n\n\n\n<h3 class=\"wp-block-heading has-text-align-center\">Processus de demande simplifi\u00e9<\/h3>\n\n\n\n<p class=\"has-text-align-center\">Remplissez votre demande en ligne rapidement, sans paperasse inutile ni complications.<\/p>\n<\/div>\n<\/div>\n<\/div>\n\n\n\n<div class=\"wp-block-column is-vertically-aligned-stretch ext-animate--on is-layout-flow wp-container-core-column-is-layout-f5bb311e wp-block-column-is-layout-flow\">\n<div class=\"wp-block-group is-style-ext-preset--group--natural-1--item-card-1--align-center has-global-padding is-layout-constrained wp-block-group-is-layout-constrained is-style-ext-preset--group--natural-1--item-card-1--align-center--11\">\n<div class=\"wp-block-group is-style-default has-global-padding is-layout-constrained wp-block-group-is-layout-constrained\">\n<figure class=\"wp-block-image aligncenter size-large ext-aspect-landscape wp-duotone-primary-foreground\"><img decoding=\"async\" src=\"data:image\/svg+xml;base64,PHN2ZyB4bWxucz0iaHR0cDovL3d3dy53My5vcmcvMjAwMC9zdmciIHdpZHRoPSI0OCIgaGVpZ2h0PSI0OCIgZmlsbD0iIzAwMDAwMCIgdmlld0JveD0iMCAwIDI1NiAyNTYiPjxwYXRoIGQ9Ik04MCw0MGE0MCw0MCwwLDEsMCw0MCw0MEE0MCw0MCwwLDAsMCw4MCw0MFptMCw2NGEyNCwyNCwwLDEsMSwyNC0yNEEyNCwyNCwwLDAsMSw4MCwxMDRabTk2LDE2YTQwLDQwLDAsMSwwLTQwLTQwQTQwLDQwLDAsMCwwLDE3NiwxMjBabTAtNjRhMjQsMjQsMCwxLDEtMjQsMjRBMjQsMjQsMCwwLDEsMTc2LDU2Wk04MCwxMzZhNDAsNDAsMCwxLDAsNDAsNDBBNDAsNDAsMCwwLDAsODAsMTM2Wm0wLDY0YTI0LDI0LDAsMSwxLDI0LTI0QTI0LDI0LDAsMCwxLDgwLDIwMFptMTM2LTI0YTgsOCwwLDAsMS04LDhIMTg0djI0YTgsOCwwLDAsMS0xNiwwVjE4NEgxNDRhOCw4LDAsMCwxLDAtMTZoMjRWMTQ0YTgsOCwwLDAsMSwxNiwwdjI0aDI0QTgsOCwwLDAsMSwyMTYsMTc2WiI+PC9wYXRoPjwvc3ZnPg==\" alt=\"\" style=\"object-fit:cover\"\/><\/figure>\n\n\n\n<h3 class=\"wp-block-heading has-text-align-center\">Approbation instantan\u00e9e<\/h3>\n\n\n\n<p class=\"has-text-align-center\">Recevez une r\u00e9ponse rapide afin de disposer des fonds quand vous en avez le plus besoin.<\/p>\n<\/div>\n<\/div>\n<\/div>\n<\/div>\n<\/div>\n\n<div class=\"wp-block-group alignfull is-style-ext-preset--group--natural-1--section has-background-background-color has-background has-global-padding is-layout-constrained wp-container-core-group-is-layout-e955bbaf wp-block-group-is-layout-constrained is-style-ext-preset--group--natural-1--section--12\" style=\"margin-top:0;margin-bottom:0;padding-top:var(--wp--preset--spacing--70);padding-bottom:var(--wp--preset--spacing--70)\">\n<h2 class=\"wp-block-heading has-text-align-center ext-animate--on\">Comment \u00e7a marche<\/h2>\n\n\n\n<p class=\"has-text-align-center ext-animate--on\" style=\"margin-top:1.5rem\">D\u00e9couvrez notre proc\u00e9dure simple et rapide pour obtenir un pr\u00eat s\u00e9curis\u00e9, \u00e9tape par \u00e9tape.<\/p>\n\n\n\n<div class=\"wp-block-columns alignwide is-layout-flex wp-container-core-columns-is-layout-08c01c1c wp-block-columns-is-layout-flex\">\n<div class=\"wp-block-column is-vertically-aligned-stretch ext-animate--on is-layout-flow wp-container-core-column-is-layout-f5bb311e wp-block-column-is-layout-flow\">\n<div class=\"wp-block-group is-style-ext-preset--group--natural-1--item-card-1--align-center has-global-padding is-layout-constrained wp-block-group-is-layout-constrained is-style-ext-preset--group--natural-1--item-card-1--align-center--13\">\n<div class=\"wp-block-group is-style-default has-global-padding is-layout-constrained wp-block-group-is-layout-constrained\">\n<figure class=\"wp-block-image aligncenter size-large ext-aspect-landscape wp-duotone-primary-foreground\"><img decoding=\"async\" src=\"data:image\/svg+xml;base64,PHN2ZyB4bWxucz0iaHR0cDovL3d3dy53My5vcmcvMjAwMC9zdmciIHdpZHRoPSI0OCIgaGVpZ2h0PSI0OCIgZmlsbD0iIzAwMDAwMCIgdmlld0JveD0iMCAwIDI1NiAyNTYiPjxwYXRoIGQ9Ik0xMjgsMjRBMTA0LDEwNCwwLDEsMCwyMzIsMTI4LDEwNC4xMSwxMDQuMTEsMCwwLDAsMTI4LDI0Wm0wLDE5MmE4OCw4OCwwLDEsMSw4OC04OEE4OC4xLDg4LjEsMCwwLDEsMTI4LDIxNlpNMTQwLDgwdjk2YTgsOCwwLDAsMS0xNiwwVjk1bC0xMS41Niw3LjcxYTgsOCwwLDEsMS04Ljg4LTEzLjMybDI0LTE2QTgsOCwwLDAsMSwxNDAsODBaIj48L3BhdGg+PC9zdmc+\" alt=\"\" style=\"object-fit:cover\"\/><\/figure>\n\n\n\n<h3 class=\"wp-block-heading has-text-align-center\">\u00c9tape 1 : Soumission de la demande<\/h3>\n\n\n\n<p class=\"has-text-align-center\">Remplissez notre formulaire en ligne rapide pour initier votre demande de pr\u00eat sans complication.<\/p>\n<\/div>\n<\/div>\n<\/div>\n\n\n\n<div class=\"wp-block-column is-vertically-aligned-stretch ext-animate--on is-layout-flow wp-container-core-column-is-layout-f5bb311e wp-block-column-is-layout-flow\">\n<div class=\"wp-block-group is-style-ext-preset--group--natural-1--item-card-1--align-center has-global-padding is-layout-constrained wp-block-group-is-layout-constrained is-style-ext-preset--group--natural-1--item-card-1--align-center--14\">\n<div class=\"wp-block-group is-style-default has-global-padding is-layout-constrained wp-block-group-is-layout-constrained\">\n<figure class=\"wp-block-image aligncenter size-large ext-aspect-landscape wp-duotone-primary-foreground\"><img decoding=\"async\" src=\"data:image\/svg+xml;base64,PHN2ZyB4bWxucz0iaHR0cDovL3d3dy53My5vcmcvMjAwMC9zdmciIHdpZHRoPSI0OCIgaGVpZ2h0PSI0OCIgZmlsbD0iIzAwMDAwMCIgdmlld0JveD0iMCAwIDI1NiAyNTYiPjxwYXRoIGQ9Ik0xMjgsMjRBMTA0LDEwNCwwLDEsMCwyMzIsMTI4LDEwNC4xMSwxMDQuMTEsMCwwLDAsMTI4LDI0Wm0wLDE5MmE4OCw4OCwwLDEsMSw4OC04OEE4OC4xLDg4LjEsMCwwLDEsMTI4LDIxNlptMjUuNTYtOTIuNzRMMTIwLDE2OGgzMmE4LDgsMCwwLDEsMCwxNkgxMDRhOCw4LDAsMCwxLTYuNC0xMi44bDQzLjE3LTU3LjU2YTE2LDE2LDAsMSwwLTI3Ljg2LTE1LDgsOCwwLDAsMS0xNS4wOS01LjM0LDMyLDMyLDAsMSwxLDU1Ljc0LDI5LjkzWiI+PC9wYXRoPjwvc3ZnPg==\" alt=\"\" style=\"object-fit:cover\"\/><\/figure>\n\n\n\n<h3 class=\"wp-block-heading has-text-align-center\">\u00c9tape 2 : V\u00e9rification et approbation<\/h3>\n\n\n\n<p class=\"has-text-align-center\">Notre \u00e9quipe examine votre dossier pour garantir un accord rapide avec des conditions avantageuses.<\/p>\n<\/div>\n<\/div>\n<\/div>\n\n\n\n<div class=\"wp-block-column is-vertically-aligned-stretch ext-animate--on is-layout-flow wp-container-core-column-is-layout-f5bb311e wp-block-column-is-layout-flow\">\n<div class=\"wp-block-group is-style-ext-preset--group--natural-1--item-card-1--align-center has-global-padding is-layout-constrained wp-block-group-is-layout-constrained is-style-ext-preset--group--natural-1--item-card-1--align-center--15\">\n<div class=\"wp-block-group is-style-default has-global-padding is-layout-constrained wp-block-group-is-layout-constrained\">\n<figure class=\"wp-block-image aligncenter size-large ext-aspect-landscape wp-duotone-primary-foreground\"><img decoding=\"async\" src=\"data:image\/svg+xml;base64,PHN2ZyB4bWxucz0iaHR0cDovL3d3dy53My5vcmcvMjAwMC9zdmciIHdpZHRoPSI0OCIgaGVpZ2h0PSI0OCIgZmlsbD0iIzAwMDAwMCIgdmlld0JveD0iMCAwIDI1NiAyNTYiPjxwYXRoIGQ9Ik0xMjgsMjRBMTA0LDEwNCwwLDEsMCwyMzIsMTI4LDEwNC4xMSwxMDQuMTEsMCwwLDAsMTI4LDI0Wm0wLDE5MmE4OCw4OCwwLDEsMSw4OC04OEE4OC4xLDg4LjEsMCwwLDEsMTI4LDIxNlptMzItNjRhMzYsMzYsMCwwLDEtNjEuNzEsMjUuMTlBOCw4LDAsMSwxLDEwOS43MSwxNjYsMjAsMjAsMCwxLDAsMTI0LDEzMmE4LDgsMCwwLDEtNi41NS0xMi41OUwxMzYuNjMsOTJIMTA0YTgsOCwwLDAsMSwwLTE2aDQ4YTgsOCwwLDAsMSw2LjU1LDEyLjU5bC0yMSwzMEEzNi4wNywzNi4wNywwLDAsMSwxNjAsMTUyWiI+PC9wYXRoPjwvc3ZnPg==\" alt=\"\" style=\"object-fit:cover\"\/><\/figure>\n\n\n\n<h3 class=\"wp-block-heading has-text-align-center\">\u00c9tape 3 : R\u00e9ception des fonds<\/h3>\n\n\n\n<p class=\"has-text-align-center\">Recevez votre pr\u00eat approuv\u00e9 directement sur votre compte, pr\u00eat \u00e0 \u00eatre utilis\u00e9 selon vos besoins.<\/p>\n<\/div>\n<\/div>\n<\/div>\n<\/div>\n<\/div>","protected":false},"excerpt":{"rendered":"<p>Obtenez un pr\u00eat rapide et s\u00e9curis\u00e9 sans banque Trouvez ici des r\u00e9ponses claires \u00e0 vos questions pour vous guider facilement dans votre demande de pr\u00eat. Comment puis-je faire une demande de pr\u00eat ? Remplissez notre formulaire en ligne simple et recevez une r\u00e9ponse rapide. Quels sont les taux d&#8217;int\u00e9r\u00eat propos\u00e9s ? Nous offrons des taux [&hellip;]<\/p>\n","protected":false},"author":1,"featured_media":0,"parent":0,"menu_order":0,"comment_status":"closed","ping_status":"closed","template":"page-with-title","meta":{"footnotes":""},"class_list":["post-33","page","type-page","status-publish","hentry"],"_links":{"self":[{"href":"https:\/\/nujnoposojilo.com\/en\/wp-json\/wp\/v2\/pages\/33","targetHints":{"allow":["GET"]}}],"collection":[{"href":"https:\/\/nujnoposojilo.com\/en\/wp-json\/wp\/v2\/pages"}],"about":[{"href":"https:\/\/nujnoposojilo.com\/en\/wp-json\/wp\/v2\/types\/page"}],"author":[{"embeddable":true,"href":"https:\/\/nujnoposojilo.com\/en\/wp-json\/wp\/v2\/users\/1"}],"replies":[{"embeddable":true,"href":"https:\/\/nujnoposojilo.com\/en\/wp-json\/wp\/v2\/comments?post=33"}],"version-history":[{"count":1,"href":"https:\/\/nujnoposojilo.com\/en\/wp-json\/wp\/v2\/pages\/33\/revisions"}],"predecessor-version":[{"id":67,"href":"https:\/\/nujnoposojilo.com\/en\/wp-json\/wp\/v2\/pages\/33\/revisions\/67"}],"wp:attachment":[{"href":"https:\/\/nujnoposojilo.com\/en\/wp-json\/wp\/v2\/media?parent=33"}],"curies":[{"name":"wp","href":"https:\/\/api.w.org\/{rel}","templated":true}]}}